{"id":851,"date":"2020-03-11T08:46:56","date_gmt":"2020-03-11T07:46:56","guid":{"rendered":"https:\/\/transportbaender-folberth.de\/?page_id=851"},"modified":"2020-03-25T14:50:27","modified_gmt":"2020-03-25T13:50:27","slug":"impressum","status":"publish","type":"page","link":"https:\/\/transportbaender-folberth.de\/index.php\/impressum\/","title":{"rendered":"Impressum"},"content":{"rendered":"<p>&nbsp;<\/p>\n<p><strong>Inhaber der Website:<\/strong><\/p>\n<p>&nbsp;<\/p>\n<p>Folberth Transportbandtechnik<\/p>\n<p>&nbsp;<\/p>\n<p><em>Adresse:<\/em><\/p>\n<p>Blaubeurer Weg 5<\/p>\n<p>72535 Heroldstatt<\/p>\n<p>&nbsp;<\/p>\n<p><em>Postanschrift:<\/em><br \/>\nSchubertstra\u00dfe 31<\/p>\n<p>72535 Heroldstatt<\/p>\n<p>&nbsp;<\/p>\n<p><em>Inhaber:<\/em><\/p>\n<p>Michael Folberth<\/p>\n<p>&nbsp;<\/p>\n<p><em>Kontakt:<\/em><\/p>\n<p>Telefon: 07389 \/9086881<\/p>\n<p>Mobil: 0157 \/ 34958830<\/p>\n<p>Telefax: 07389 \/ 9086882<\/p>\n<p>&nbsp;<\/p>\n<p><em>USt &#8211; IdNr. :<\/em><\/p>\n<p>DE 280115872<\/p>\n<p>&nbsp;<\/p>\n<p><em>Haftungsausschlu\u00df:<\/em><br \/>\nWir \u00fcbernehmen keine Haftung f\u00fcr die Inhalte externer Links.<br \/>\nF\u00fcr den Inhalt der verlinkten Seiten sind ausschlie\u00dflich deren<br \/>\nBetreiber verantwortlich.<\/p>\n<p>&nbsp;<\/p>\n<p>&nbsp;<\/p>\n","protected":false},"excerpt":{"rendered":"<p>&nbsp; Inhaber der Website: &nbsp; Folberth Transportbandtechnik &nbsp; Adresse: Blaubeurer Weg 5 72535 Heroldstatt &nbsp; Postanschrift: Schubertstra\u00dfe 31 72535 Heroldstatt &nbsp; Inhaber: Michael Folberth &nbsp; Kontakt: Telefon: 07389 \/9086881 Mobil: 0157 \/ 34958830 Telefax: 07389 \/ 9086882 &nbsp; USt &#8211; IdNr. : DE 280115872 &nbsp; Haftungsausschlu\u00df: Wir \u00fcbernehmen keine Haftung f\u00fcr die Inhalte externer Links. [&hellip;]<\/p>\n","protected":false},"author":1,"featured_media":0,"parent":0,"menu_order":0,"comment_status":"closed","ping_status":"closed","template":"","meta":{"footnotes":""},"_links":{"self":[{"href":"https:\/\/transportbaender-folberth.de\/index.php\/wp-json\/wp\/v2\/pages\/851"}],"collection":[{"href":"https:\/\/transportbaender-folberth.de\/index.php\/wp-json\/wp\/v2\/pages"}],"about":[{"href":"https:\/\/transportbaender-folberth.de\/index.php\/wp-json\/wp\/v2\/types\/page"}],"author":[{"embeddable":true,"href":"https:\/\/transportbaender-folberth.de\/index.php\/wp-json\/wp\/v2\/users\/1"}],"replies":[{"embeddable":true,"href":"https:\/\/transportbaender-folberth.de\/index.php\/wp-json\/wp\/v2\/comments?post=851"}],"version-history":[{"count":7,"href":"https:\/\/transportbaender-folberth.de\/index.php\/wp-json\/wp\/v2\/pages\/851\/revisions"}],"predecessor-version":[{"id":904,"href":"https:\/\/transportbaender-folberth.de\/index.php\/wp-json\/wp\/v2\/pages\/851\/revisions\/904"}],"wp:attachment":[{"href":"https:\/\/transportbaender-folberth.de\/index.php\/wp-json\/wp\/v2\/media?parent=851"}],"curies":[{"name":"wp","href":"https:\/\/api.w.org\/{rel}","templated":true}]}}