{"id":320,"date":"2016-05-17T04:28:23","date_gmt":"2016-05-17T04:28:23","guid":{"rendered":"http:\/\/demo.thememodern.com\/continal\/?page_id=320"},"modified":"2020-04-14T19:40:36","modified_gmt":"2020-04-14T17:40:36","slug":"home-page-5","status":"publish","type":"page","link":"https:\/\/transportbaender-folberth.de\/","title":{"rendered":"Startseite"},"content":{"rendered":"<p>[vc_row fullwidth=&#8220;yes&#8220;][vc_column][rev_slider_vc alias=&#8220;home5&#8243;][vc_row_inner][vc_column_inner][vc_separator color=&#8220;orange&#8220;][\/vc_column_inner][\/vc_row_inner][\/vc_column][\/vc_row][vc_row css=&#8220;.vc_custom_1463459650931{padding-top: 80px !important;padding-bottom: 30px !important;}&#8220;][vc_column width=&#8220;1\/3&#8243;][vc_empty_space height=&#8220;50px&#8220;][vc_column_text]<\/p>\n<h4 align=\"left\">Unsere Produktpalette<\/h4>\n<p><span style=\"font-size: medium;\">Unsere Produktpalette umfasst F\u00f6rdergurte, Verschlei\u00dfschutz sowie ein umfangreiches Angebot an Zubeh\u00f6r.<\/span>[\/vc_column_text][vc_btn title=&#8220;Mehr erfahren&#8220; style=&#8220;flat&#8220; shape=&#8220;square&#8220; color=&#8220;default&#8220; i_icon_fontawesome=&#8220;fa fa-arrow-right&#8220; add_icon=&#8220;true&#8220; link=&#8220;url:http%3A%2F%2Ftransportbaender-folberth.de%2Findex.php%2Fportfolio%2Fzubehor%2F|title:Zubeh%C3%B6r||&#8220;][\/vc_column][vc_column width=&#8220;1\/3&#8243;][vc_empty_space height=&#8220;50px&#8220;][vc_column_text]<\/p>\n<h4 align=\"left\">Unser Unternehmen<\/h4>\n<p><span style=\"font-size: medium;\">\u00dcber 35 Jahre Berufserfahrung machen uns zu einem kompetenten und zuverl\u00e4ssigen Servicepartner.<\/span>[\/vc_column_text][vc_btn title=&#8220;Mehr erfahren&#8220; style=&#8220;flat&#8220; shape=&#8220;square&#8220; color=&#8220;default&#8220; i_icon_fontawesome=&#8220;fa fa-arrow-right&#8220; add_icon=&#8220;true&#8220; link=&#8220;url:http%3A%2F%2Ftransportbaender-folberth.de%2Findex.php%2Fuber-uns%2F|title:%C3%9Cber%20uns||&#8220;][\/vc_column][vc_column width=&#8220;1\/3&#8243;]\n\t<div class=\"features style2\">\n\t\t<div class=\"top-img\">\t\t\t<img decoding=\"async\" src=\"\" alt=\"\">\n\t\t<\/div>\t\t<h4>Kundenzufriedenheit<\/h4>\n\t\t<p><span style=\"font-size: medium;\">Bei uns stehen die W\u00fcnsche unserer Kunden im Mittelpunkt. Nur wenn Sie zufrieden sind, sind wir es auch !<\/span><\/p>\t<\/div>\n\n\n\t<div class=\"features style2\">\n\t\t<div class=\"top-img\">\t\t\t<img decoding=\"async\" src=\"\" alt=\"\">\n\t\t<\/div>\t\t<h4>Qualit\u00e4t<\/h4>\n\t\t<p><span style=\"font-size: medium;\">Bei unseren Produkten achten wir besonders auf hohe Qualit\u00e4t.\u00a0<\/span><\/p>\n<p><span style=\"font-size: medium;\">Wir beraten Sie gerne und unterst\u00fctzen Sie bei Probleml\u00f6sungen.<\/span><\/p>\t<\/div>\n\n[\/vc_column][\/vc_row][vc_row css=&#8220;.vc_custom_1463026835024{padding-top: 50px !important;padding-bottom: 75px !important;}&#8220;][vc_column][vc_separator color=&#8220;orange&#8220;]\n\t<h2 class=\"text-center after\">Was zeichnet uns aus?<\/h2>\n\n[\/vc_column][vc_column width=&#8220;1\/2&#8243;][vc_single_image image=&#8220;806&#8243; img_size=&#8220;large&#8220;][\/vc_column][vc_column width=&#8220;1\/2&#8243;]\n\t\t\t<div class=\"features box4 \">\n\t\t\t<h4><i class=\"fa fa-cogs\"><\/i>Qualit\u00e4t steht an oberster Stelle<\/h4>\n\t\t\t\t\t<\/div>\n\t\n\t\n\n\t\t\t<div class=\"features box4 \">\n\t\t\t<h4><i class=\"fa fa-diamond\"><\/i>\u00dcber 35 Jahre Berufserfahrung<\/h4>\n\t\t\t\t\t<\/div>\n\t\n\t\n\n\t\t\t<div class=\"features box4 \">\n\t\t\t<h4><i class=\"fa fa-suitcase\"><\/i>Kompetenter Service<\/h4>\n\t\t\t\t\t<\/div>\n\t\n\t\n[\/vc_column][\/vc_row][vc_row parallax_row=&#8220;yes&#8220; overlay=&#8220;true&#8220; css=&#8220;.vc_custom_1585771924646{padding-top: 120px !important;padding-bottom: 120px !important;background-image: url(https:\/\/transportbaender-folberth.de\/wp-content\/uploads\/2020\/04\/sassi-3640498_1920.jpg?id=920) !important;background-position: center !important;background-repeat: no-repeat !important;background-size: cover !important;}&#8220;][vc_column el_class=&#8220;get-action&#8220;][vc_custom_heading text=&#8220;Sie suchen nach einem erfahrenen Partner?&#8220; font_container=&#8220;tag:p|text_align:center|color:%23ffffff&#8220; use_theme_fonts=&#8220;yes&#8220;]\n\t<a class=\"ot-btn btn-color  btn-small \" href=\"http:\/\/transportbaender-folberth.de\/index.php\/kontakt\/\" target=\"_self\">Kontaktieren Sie uns <\/a>\n[\/vc_column][\/vc_row]<\/p>\n","protected":false},"excerpt":{"rendered":"<p>[vc_row fullwidth=&#8220;yes&#8220;][vc_column][rev_slider_vc alias=&#8220;home5&#8243;][vc_row_inner][vc_column_inner][vc_separator color=&#8220;orange&#8220;][\/vc_column_inner][\/vc_row_inner][\/vc_column][\/vc_row][vc_row css=&#8220;.vc_custom_1463459650931{padding-top: 80px !important;padding-bottom: 30px !important;}&#8220;][vc_column width=&#8220;1\/3&#8243;][vc_empty_space height=&#8220;50px&#8220;][vc_column_text] Unsere Produktpalette Unsere Produktpalette umfasst F\u00f6rdergurte, Verschlei\u00dfschutz sowie ein umfangreiches Angebot an Zubeh\u00f6r.[\/vc_column_text][vc_btn title=&#8220;Mehr erfahren&#8220; style=&#8220;flat&#8220; shape=&#8220;square&#8220; color=&#8220;default&#8220; i_icon_fontawesome=&#8220;fa fa-arrow-right&#8220; add_icon=&#8220;true&#8220; link=&#8220;url:http%3A%2F%2Ftransportbaender-folberth.de%2Findex.php%2Fportfolio%2Fzubehor%2F|title:Zubeh%C3%B6r||&#8220;][\/vc_column][vc_column width=&#8220;1\/3&#8243;][vc_empty_space height=&#8220;50px&#8220;][vc_column_text] Unser Unternehmen \u00dcber 35 Jahre Berufserfahrung machen uns zu einem kompetenten und zuverl\u00e4ssigen Servicepartner.[\/vc_column_text][vc_btn title=&#8220;Mehr erfahren&#8220; style=&#8220;flat&#8220; shape=&#8220;square&#8220; color=&#8220;default&#8220; i_icon_fontawesome=&#8220;fa [&hellip;]<\/p>\n","protected":false},"author":1,"featured_media":0,"parent":0,"menu_order":0,"comment_status":"closed","ping_status":"closed","template":"page-templates\/template-canvas.php","meta":{"footnotes":""},"_links":{"self":[{"href":"https:\/\/transportbaender-folberth.de\/index.php\/wp-json\/wp\/v2\/pages\/320"}],"collection":[{"href":"https:\/\/transportbaender-folberth.de\/index.php\/wp-json\/wp\/v2\/pages"}],"about":[{"href":"https:\/\/transportbaender-folberth.de\/index.php\/wp-json\/wp\/v2\/types\/page"}],"author":[{"embeddable":true,"href":"https:\/\/transportbaender-folberth.de\/index.php\/wp-json\/wp\/v2\/users\/1"}],"replies":[{"embeddable":true,"href":"https:\/\/transportbaender-folberth.de\/index.php\/wp-json\/wp\/v2\/comments?post=320"}],"version-history":[{"count":43,"href":"https:\/\/transportbaender-folberth.de\/index.php\/wp-json\/wp\/v2\/pages\/320\/revisions"}],"predecessor-version":[{"id":928,"href":"https:\/\/transportbaender-folberth.de\/index.php\/wp-json\/wp\/v2\/pages\/320\/revisions\/928"}],"wp:attachment":[{"href":"https:\/\/transportbaender-folberth.de\/index.php\/wp-json\/wp\/v2\/media?parent=320"}],"curies":[{"name":"wp","href":"https:\/\/api.w.org\/{rel}","templated":true}]}}